{"id":47,"date":"2023-08-27T20:34:27","date_gmt":"2023-08-27T20:34:27","guid":{"rendered":"https:\/\/www.valby-fodpleje.dk\/?page_id=47"},"modified":"2023-11-08T14:05:52","modified_gmt":"2023-11-08T12:05:52","slug":"behandlinger","status":"publish","type":"page","link":"https:\/\/www.valby-fodpleje.dk\/index.php\/behandlinger\/","title":{"rendered":"Behandlinger"},"content":{"rendered":"<p><span style=\"font-size: 12pt; font-family: Arial, Helvetica, sans-serif;\">Her kan du se hvilke behandlinger jeg tilbyder. Bem\u00e6rk at jeg pt. kun tilbyder udk\u00f8rende behandlinger eller hjemmebehandlinger, som er det samme. Jeg kommer gerne p\u00e5 plejehjem.<\/span><\/p>\r\n\n<table id=\"tablepress-1\" class=\"tablepress tablepress-id-1\">\n<thead>\n<tr class=\"row-1\">\n\t<th class=\"column-1\">Behandlingsnavn<\/th><th class=\"column-2\">Tid i minutter<\/th><th class=\"column-3\">Pris i kr.<\/th>\n<\/tr>\n<\/thead>\n<tbody class=\"row-striping row-hover\">\n<tr class=\"row-2\">\n\t<td class=\"column-1\">Almindelig fodbehandling<\/td><td class=\"column-2\">45 <\/td><td class=\"column-3\">450,00<\/td>\n<\/tr>\n<tr class=\"row-3\">\n\t<td class=\"column-1\">Almindelig fodbehandling inkl. neglelak<\/td><td class=\"column-2\">60<\/td><td class=\"column-3\">550,00<\/td>\n<\/tr>\n<tr class=\"row-4\">\n\t<td class=\"column-1\">Almindelig fodbehandling, med ekstra tid til meget h\u00e5rd hud<\/td><td class=\"column-2\">60<\/td><td class=\"column-3\">600,00<\/td>\n<\/tr>\n<tr class=\"row-5\">\n\t<td class=\"column-1\">Almindelig fodbehandling med peeling og 15 min. fodmassage<\/td><td class=\"column-2\">60<\/td><td class=\"column-3\">650,00<\/td>\n<\/tr>\n<tr class=\"row-6\">\n\t<td class=\"column-1\">Luksusbehandling, inkl. peeling og Thai fodmassage<\/td><td class=\"column-2\">70<\/td><td class=\"column-3\">750,00<\/td>\n<\/tr>\n<tr class=\"row-7\">\n\t<td class=\"column-1\">Fjernelse af neglelak ifbm. fodbehandling<\/td><td class=\"column-2\">10<\/td><td class=\"column-3\">&nbsp;&nbsp;25,00<\/td>\n<\/tr>\n<tr class=\"row-8\">\n\t<td class=\"column-1\">Delbehandling, fjernelse af ligtorn<\/td><td class=\"column-2\">30<\/td><td class=\"column-3\">250,00<\/td>\n<\/tr>\n<tr class=\"row-9\">\n\t<td class=\"column-1\">Delbehandling, klip af negle<\/td><td class=\"column-2\">30<\/td><td class=\"column-3\">300,00<\/td>\n<\/tr>\n<tr class=\"row-10\">\n\t<td class=\"column-1\">Thai Fodmassage<\/td><td class=\"column-2\">30<\/td><td class=\"column-3\">350,00<\/td>\n<\/tr>\n<tr class=\"row-11\">\n\t<td class=\"column-1\">Paraffin i forbindelse med fodbehandling<\/td><td class=\"column-2\">60<\/td><td class=\"column-3\">xxx<\/td>\n<\/tr>\n<tr class=\"row-12\">\n\t<td class=\"column-1\">Komposit behandling (nedgroede negle)<\/td><td class=\"column-2\">30<\/td><td class=\"column-3\">250<\/td>\n<\/tr>\n<\/tbody>\n<\/table>\n<!-- #tablepress-1 from cache -->\r\n<h4>\u00a0<\/h4>\r\n<p><\/p>","protected":false},"excerpt":{"rendered":"<p>Her kan du se hvilke behandlinger jeg tilbyder. Bem\u00e6rk at jeg pt. kun tilbyder udk\u00f8rende behandlinger eller hjemmebehandlinger, som er det samme. Jeg kommer gerne p\u00e5 plejehjem. \u00a0<\/p>\n","protected":false},"author":1,"featured_media":0,"parent":0,"menu_order":0,"comment_status":"closed","ping_status":"closed","template":"","meta":{"footnotes":""},"class_list":["post-47","page","type-page","status-publish","hentry"],"jetpack_sharing_enabled":true,"_links":{"self":[{"href":"https:\/\/www.valby-fodpleje.dk\/index.php\/wp-json\/wp\/v2\/pages\/47","targetHints":{"allow":["GET"]}}],"collection":[{"href":"https:\/\/www.valby-fodpleje.dk\/index.php\/wp-json\/wp\/v2\/pages"}],"about":[{"href":"https:\/\/www.valby-fodpleje.dk\/index.php\/wp-json\/wp\/v2\/types\/page"}],"author":[{"embeddable":true,"href":"https:\/\/www.valby-fodpleje.dk\/index.php\/wp-json\/wp\/v2\/users\/1"}],"replies":[{"embeddable":true,"href":"https:\/\/www.valby-fodpleje.dk\/index.php\/wp-json\/wp\/v2\/comments?post=47"}],"version-history":[{"count":16,"href":"https:\/\/www.valby-fodpleje.dk\/index.php\/wp-json\/wp\/v2\/pages\/47\/revisions"}],"predecessor-version":[{"id":572,"href":"https:\/\/www.valby-fodpleje.dk\/index.php\/wp-json\/wp\/v2\/pages\/47\/revisions\/572"}],"wp:attachment":[{"href":"https:\/\/www.valby-fodpleje.dk\/index.php\/wp-json\/wp\/v2\/media?parent=47"}],"curies":[{"name":"wp","href":"https:\/\/api.w.org\/{rel}","templated":true}]}}