{"id":429,"date":"2023-09-26T22:57:53","date_gmt":"2023-09-26T20:57:53","guid":{"rendered":"https:\/\/www.valby-fodpleje.dk\/?page_id=429"},"modified":"2023-10-02T22:07:08","modified_gmt":"2023-10-02T20:07:08","slug":"kontakt","status":"publish","type":"page","link":"https:\/\/www.valby-fodpleje.dk\/index.php\/kontakt\/","title":{"rendered":"Kontakt"},"content":{"rendered":"<p><span style=\"font-family: Verdana, Geneva;\">E-mail er: <strong>info@valby-fodpleje.dk<\/strong><\/span><\/p>\n<p><span style=\"font-family: Verdana, Geneva;\">Telefon er: <strong>29 91 95 12<\/strong><\/span><\/p>\n<p><span style=\"font-family: Verdana, Geneva;\">Min telefon er \u00e5ben mandag til fredag mellem 0745 og 1700. Hvis jeg er i gang med en fodbehanlig, n\u00e5r du ringer, s\u00e5 bliver du sendt videre til telefonsvaren. Jeg h\u00e5ber p\u00e5 din forst\u00e5else.<\/span><\/p>\n<p><span style=\"font-family: Verdana, Geneva;\">Du kan skrive e-mail eller bruge kontaktformularen nedenfor.<\/span><\/p>\n<p><span style=\"font-family: Verdana, Geneva;\">\n<div class=\"wpcf7 no-js\" id=\"wpcf7-f85-o1\" lang=\"da-DK\" dir=\"ltr\" data-wpcf7-id=\"85\">\n<div class=\"screen-reader-response\"><p role=\"status\" aria-live=\"polite\" aria-atomic=\"true\"><\/p> <ul><\/ul><\/div>\n<form action=\"\/index.php\/wp-json\/wp\/v2\/pages\/429#wpcf7-f85-o1\" method=\"post\" class=\"wpcf7-form init\" aria-label=\"Kontaktformular\" novalidate=\"novalidate\" data-status=\"init\">\n<div style=\"display: none;\">\n<input type=\"hidden\" name=\"_wpcf7\" value=\"85\" \/>\n<input type=\"hidden\" name=\"_wpcf7_version\" value=\"6.0.2\" \/>\n<input type=\"hidden\" name=\"_wpcf7_locale\" value=\"da_DK\" \/>\n<input type=\"hidden\" name=\"_wpcf7_unit_tag\" value=\"wpcf7-f85-o1\" \/>\n<input type=\"hidden\" name=\"_wpcf7_container_post\" value=\"0\" \/>\n<input type=\"hidden\" name=\"_wpcf7_posted_data_hash\" value=\"\" \/>\n<\/div>\n<p><label> Dit navn<br \/>\n<span class=\"wpcf7-form-control-wrap\" data-name=\"your-name\"><input size=\"40\" maxlength=\"400\" class=\"wpcf7-form-control wpcf7-text wpcf7-validates-as-required\" autocomplete=\"name\" aria-required=\"true\" aria-invalid=\"false\" value=\"\" type=\"text\" name=\"your-name\" \/><\/span> <\/label>\n<\/p>\n<p><label> Din e-mail<br \/>\n<span class=\"wpcf7-form-control-wrap\" data-name=\"your-email\"><input size=\"40\" maxlength=\"400\" class=\"wpcf7-form-control wpcf7-email wpcf7-validates-as-required wpcf7-text wpcf7-validates-as-email\" autocomplete=\"email\" aria-required=\"true\" aria-invalid=\"false\" value=\"\" type=\"email\" name=\"your-email\" \/><\/span> <\/label>\n<\/p>\n<p><label> Emne<br \/>\n<span class=\"wpcf7-form-control-wrap\" data-name=\"your-subject\"><input size=\"40\" maxlength=\"400\" class=\"wpcf7-form-control wpcf7-text wpcf7-validates-as-required\" aria-required=\"true\" aria-invalid=\"false\" value=\"\" type=\"text\" name=\"your-subject\" \/><\/span> <\/label>\n<\/p>\n<p><label> Din besked (valgfri)<br \/>\n<span class=\"wpcf7-form-control-wrap\" data-name=\"your-message\"><textarea cols=\"40\" rows=\"10\" maxlength=\"2000\" class=\"wpcf7-form-control wpcf7-textarea\" aria-invalid=\"false\" name=\"your-message\"><\/textarea><\/span> <\/label>\n<\/p>\n<p><input class=\"wpcf7-form-control wpcf7-submit has-spinner\" type=\"submit\" value=\"Send\" \/>\n<\/p><div class=\"wpcf7-response-output\" aria-hidden=\"true\"><\/div>\n<\/form>\n<\/div>\n<\/span><\/p>\n<p>&nbsp;<\/p>\n<p>&nbsp;<\/p>\n","protected":false},"excerpt":{"rendered":"<p>E-mail er: info@valby-fodpleje.dk Telefon er: 29 91 95 12 Min telefon er \u00e5ben mandag til fredag mellem 0745 og 1700. Hvis jeg er i gang med en fodbehanlig, n\u00e5r du ringer, s\u00e5 bliver du sendt videre til telefonsvaren. Jeg h\u00e5ber p\u00e5 din forst\u00e5else. Du kan skrive e-mail eller bruge kontaktformularen nedenfor. &nbsp; &nbsp;<\/p>\n","protected":false},"author":1,"featured_media":0,"parent":0,"menu_order":0,"comment_status":"closed","ping_status":"closed","template":"","meta":{"footnotes":""},"class_list":["post-429","page","type-page","status-publish","hentry"],"jetpack_sharing_enabled":true,"_links":{"self":[{"href":"https:\/\/www.valby-fodpleje.dk\/index.php\/wp-json\/wp\/v2\/pages\/429","targetHints":{"allow":["GET"]}}],"collection":[{"href":"https:\/\/www.valby-fodpleje.dk\/index.php\/wp-json\/wp\/v2\/pages"}],"about":[{"href":"https:\/\/www.valby-fodpleje.dk\/index.php\/wp-json\/wp\/v2\/types\/page"}],"author":[{"embeddable":true,"href":"https:\/\/www.valby-fodpleje.dk\/index.php\/wp-json\/wp\/v2\/users\/1"}],"replies":[{"embeddable":true,"href":"https:\/\/www.valby-fodpleje.dk\/index.php\/wp-json\/wp\/v2\/comments?post=429"}],"version-history":[{"count":9,"href":"https:\/\/www.valby-fodpleje.dk\/index.php\/wp-json\/wp\/v2\/pages\/429\/revisions"}],"predecessor-version":[{"id":553,"href":"https:\/\/www.valby-fodpleje.dk\/index.php\/wp-json\/wp\/v2\/pages\/429\/revisions\/553"}],"wp:attachment":[{"href":"https:\/\/www.valby-fodpleje.dk\/index.php\/wp-json\/wp\/v2\/media?parent=429"}],"curies":[{"name":"wp","href":"https:\/\/api.w.org\/{rel}","templated":true}]}}