{"id":40,"date":"2023-08-27T20:27:25","date_gmt":"2023-08-27T20:27:25","guid":{"rendered":"https:\/\/www.valby-fodpleje.dk\/?page_id=40"},"modified":"2023-10-22T19:23:09","modified_gmt":"2023-10-22T17:23:09","slug":"om-mig","status":"publish","type":"page","link":"https:\/\/www.valby-fodpleje.dk\/index.php\/om-mig\/","title":{"rendered":"Om mig"},"content":{"rendered":"<p><span style=\"font-family: Verdana, Geneva;\"><\/span><\/p>\r\n<p><span style=\"font-family: Verdana, Geneva;\">Jeg hedder Aisha Kheri. Jeg er 47 \u00e5r og mor til fire. Jeg er f\u00f8dt i Kenya.<\/span><\/p>\r\n<p><span style=\"font-family: Verdana, Geneva;\">Jeg er b\u00e5de uddannet fysiurgisk mass\u00f8r og sportsbehandler og nu alts\u00e5 ogs\u00e5 l\u00e6geeksamineret fodplejer.<\/span><\/p>\r\n<p><span style=\"font-family: Verdana, Geneva;\">jeg har taget kursus i tapening af f\u00f8dder og Thai Fodmassage.<\/span><\/p>\r\n<p><span style=\"font-family: Verdana, Geneva;\">Jeg elsker anatomi, fysiologi, sygdomsl\u00e6re og Farmakologi, og bruger min sparsomme fritid med at l\u00e6se om f\u00f8dder, kroppen og sygdomme og deres betydning for f\u00f8dderne.<\/span><\/p>\r\n<p><span style=\"font-family: Verdana, Geneva;\">Jeg er s\u00e5 heldig fortsat at arbejde, som behandler p\u00e5 skolen, efter min uddannelse.<\/span><\/p>\r\n<p>&nbsp;<\/p>\r\n<p><span style=\"font-family: Verdana, Geneva;\"><\/span><\/p>","protected":false},"excerpt":{"rendered":"<p>Jeg hedder Aisha Kheri. Jeg er 47 \u00e5r og mor til fire. Jeg er f\u00f8dt i Kenya. Jeg er b\u00e5de uddannet fysiurgisk mass\u00f8r og sportsbehandler og nu alts\u00e5 ogs\u00e5 l\u00e6geeksamineret fodplejer. jeg har taget kursus i tapening af f\u00f8dder og Thai Fodmassage. Jeg elsker anatomi, fysiologi, sygdomsl\u00e6re og Farmakologi, og bruger min sparsomme fritid med &hellip; <\/p>\n<p class=\"link-more\"><a href=\"https:\/\/www.valby-fodpleje.dk\/index.php\/om-mig\/\" class=\"more-link\">Continue reading<span class=\"screen-reader-text\"> &#8220;Om mig&#8221;<\/span><\/a><\/p>\n","protected":false},"author":1,"featured_media":0,"parent":0,"menu_order":0,"comment_status":"closed","ping_status":"closed","template":"","meta":{"footnotes":""},"class_list":["post-40","page","type-page","status-publish","hentry"],"jetpack_sharing_enabled":true,"_links":{"self":[{"href":"https:\/\/www.valby-fodpleje.dk\/index.php\/wp-json\/wp\/v2\/pages\/40","targetHints":{"allow":["GET"]}}],"collection":[{"href":"https:\/\/www.valby-fodpleje.dk\/index.php\/wp-json\/wp\/v2\/pages"}],"about":[{"href":"https:\/\/www.valby-fodpleje.dk\/index.php\/wp-json\/wp\/v2\/types\/page"}],"author":[{"embeddable":true,"href":"https:\/\/www.valby-fodpleje.dk\/index.php\/wp-json\/wp\/v2\/users\/1"}],"replies":[{"embeddable":true,"href":"https:\/\/www.valby-fodpleje.dk\/index.php\/wp-json\/wp\/v2\/comments?post=40"}],"version-history":[{"count":14,"href":"https:\/\/www.valby-fodpleje.dk\/index.php\/wp-json\/wp\/v2\/pages\/40\/revisions"}],"predecessor-version":[{"id":570,"href":"https:\/\/www.valby-fodpleje.dk\/index.php\/wp-json\/wp\/v2\/pages\/40\/revisions\/570"}],"wp:attachment":[{"href":"https:\/\/www.valby-fodpleje.dk\/index.php\/wp-json\/wp\/v2\/media?parent=40"}],"curies":[{"name":"wp","href":"https:\/\/api.w.org\/{rel}","templated":true}]}}