{"id":21,"date":"2023-08-27T19:11:46","date_gmt":"2023-08-27T19:11:46","guid":{"rendered":"https:\/\/www.valby-fodpleje.dk\/?page_id=21"},"modified":"2023-10-02T22:11:54","modified_gmt":"2023-10-02T20:11:54","slug":"velkommen-til-valby-fodpleje","status":"publish","type":"page","link":"https:\/\/www.valby-fodpleje.dk\/","title":{"rendered":"Velkommen til Valby fodpleje"},"content":{"rendered":"<h2><\/h2>\r\n<p><span style=\"font-family: Verdana, Geneva;\">Jeg er uddannet fodplejer fra K\u00f8benhavns Fodplejeskole. P\u00e5 skolen bliver man uddannet l\u00e6geeksamineret fodplejer. Uddannelsen bygger p\u00e5 et grundigt fundament af teori og praksis. Jeg har l\u00e6rt anatomi \/ fysiologi og sygdomsl\u00e6re \/ Farmakologi.<\/span><\/p>\r\n<p><span style=\"font-family: Verdana, Geneva;\"><\/span><\/p>\r\n<p><span style=\"font-family: Verdana, Geneva;\">P\u00e5 skolen behandler man klienter. Jeg havde s\u00e5ledes over 300 praktiske behandlinger, da jeg afsluttede min uddannelse. <\/span><br \/><br \/><span style=\"font-family: Verdana, Geneva;\">Jeg er s\u00e5 heldig fortsat at arbejde som behandler p\u00e5 skolen efter min uddannelse.<\/span><\/p>\r\n<p><span style=\"font-family: Verdana, Geneva;\"><\/span><\/p>\r\n<p><span style=\"font-family: Verdana, Geneva;\">Jeg er ogs\u00e5 uddannet fysiurgisk mass\u00f8r og sportsbehandler, ligesom jeg har taget kursus i tapening af f\u00f8dder og Thai Fodmassage.<\/span><\/p>\r\n<p><span style=\"font-family: Verdana, Geneva;\"><\/span><\/p>\r\n<p><span style=\"font-family: Verdana, Geneva;\">Jeg tilbyder lige nu kun udk\u00f8rende behandlinger.<\/span><\/p>\r\n<p><span style=\"font-family: Verdana, Geneva;\"><\/span><\/p>\r\n<p><span style=\"font-family: Verdana, Geneva;\"><\/span><\/p>\r\n<p><span style=\"font-family: Verdana, Geneva;\">Jeg har naturligvis en patientskade forsikring.<\/span><\/p>\r\n<p><span style=\"font-family: Verdana, Geneva;\"><\/span><\/p>\r\n<p><span style=\"font-family: Verdana, Geneva;\"><\/span><\/p>\r\n<p><span style=\"font-family: Verdana, Geneva;\">Du kan l\u00e6se mere om min uddannelse her: <a href=\"https:\/\/kbhfodplejeskole.dk\/\">K\u00f8benhavn Fodplejeskole<\/a><\/span><\/p>\r\n<p><span style=\"font-family: Verdana, Geneva;\"><\/span><\/p>\r\n<p class=\"wp-block-heading\">\u00a0<\/p>\r\n<h2 class=\"wp-block-heading\"><\/h2>","protected":false},"excerpt":{"rendered":"<p>Jeg er uddannet fodplejer fra K\u00f8benhavns Fodplejeskole. P\u00e5 skolen bliver man uddannet l\u00e6geeksamineret fodplejer. Uddannelsen bygger p\u00e5 et grundigt fundament af teori og praksis. Jeg har l\u00e6rt anatomi \/ fysiologi og sygdomsl\u00e6re \/ Farmakologi. P\u00e5 skolen behandler man klienter. Jeg havde s\u00e5ledes over 300 praktiske behandlinger, da jeg afsluttede min uddannelse. Jeg er s\u00e5 heldig &hellip; <\/p>\n<p class=\"link-more\"><a href=\"https:\/\/www.valby-fodpleje.dk\/\" class=\"more-link\">Continue reading<span class=\"screen-reader-text\"> &#8220;Velkommen til Valby fodpleje&#8221;<\/span><\/a><\/p>\n","protected":false},"author":2,"featured_media":0,"parent":0,"menu_order":0,"comment_status":"closed","ping_status":"closed","template":"","meta":{"footnotes":""},"class_list":["post-21","page","type-page","status-publish","hentry"],"jetpack_sharing_enabled":true,"_links":{"self":[{"href":"https:\/\/www.valby-fodpleje.dk\/index.php\/wp-json\/wp\/v2\/pages\/21","targetHints":{"allow":["GET"]}}],"collection":[{"href":"https:\/\/www.valby-fodpleje.dk\/index.php\/wp-json\/wp\/v2\/pages"}],"about":[{"href":"https:\/\/www.valby-fodpleje.dk\/index.php\/wp-json\/wp\/v2\/types\/page"}],"author":[{"embeddable":true,"href":"https:\/\/www.valby-fodpleje.dk\/index.php\/wp-json\/wp\/v2\/users\/2"}],"replies":[{"embeddable":true,"href":"https:\/\/www.valby-fodpleje.dk\/index.php\/wp-json\/wp\/v2\/comments?post=21"}],"version-history":[{"count":29,"href":"https:\/\/www.valby-fodpleje.dk\/index.php\/wp-json\/wp\/v2\/pages\/21\/revisions"}],"predecessor-version":[{"id":556,"href":"https:\/\/www.valby-fodpleje.dk\/index.php\/wp-json\/wp\/v2\/pages\/21\/revisions\/556"}],"wp:attachment":[{"href":"https:\/\/www.valby-fodpleje.dk\/index.php\/wp-json\/wp\/v2\/media?parent=21"}],"curies":[{"name":"wp","href":"https:\/\/api.w.org\/{rel}","templated":true}]}}